{"id":288,"date":"2018-03-25T10:50:54","date_gmt":"2018-03-25T10:50:54","guid":{"rendered":"https:\/\/belegungsplan.com\/plus\/?page_id=288"},"modified":"2018-03-25T11:26:19","modified_gmt":"2018-03-25T11:26:19","slug":"impressum","status":"publish","type":"page","link":"https:\/\/belegungsplan.com\/plus\/svensk\/impressum\/","title":{"rendered":"impressum"},"content":{"rendered":"<p>www.belegungsplan.com \/ <a href=\"http:\/\/bokningskalender.info\/\">www.<\/a><a href=\"http:\/\/bokningskalender.info\/\">bokningskalender.info<\/a>:<\/p>\n<p>Belegungsplan.COM<br \/>\nHofwies 13<br \/>\nCH-8906 Bonstetten<\/p>\n<p>Vid evtl fr\u00e5gor mail till\u00a0<a href=\"mailto:info@belegungsplan.com\">info@belegungsplan.com<\/a><a href=\"http:\/\/www.nasalo.ch\/bedingungen_sv\" target=\"_blank\" rel=\"noopener\">\u00a0<\/a><\/p>\n<p>Vi tackar\u00a0<a href=\"http:\/\/www.basebo.se\/\">www.basebo.se<\/a>\u00a0f\u00f6r \u00f6vers\u00e4ttningen!<\/p>\n<p><img loading=\"lazy\" decoding=\"async\" src=\"https:\/\/belegungsplan.com\/userfiles\/image\/flaggen\/sv.gif\" alt=\"\" width=\"40\" height=\"24\" align=\"absMiddle\" hspace=\"10\" \/>Vi tackar\u00a0<a href=\"http:\/\/www.basebo.se\/\">www.basebo.se<\/a>\u00a0f\u00f6r \u00f6vers\u00e4ttningen!<\/p>\n<h2>Anv\u00e4ndervillkor<\/h2>\n<ul>\n<li>bokningskalendern \u00e4r utvecklad endast f\u00f6r att visa bokningar (reservationer) av fritidshus, stugor, fartyg och liknande.<\/li>\n<li>Du f\u00e5r inte anv\u00e4nda bokningskalendern f\u00f6r pornografiska,\u00a0rasistiska\u00a0eller i andra st\u00f6tande syfte.<\/li>\n<li>Utgivaren tar ej \u00f6ver ansvaret f\u00f6r inneh\u00e5llet i enskilda anv\u00e4ndningar och har r\u00e4tten att ta bort kalender som inte ligger i linje med de h\u00e4r villkoren. Anonyma inl\u00e4gg (utan adress \/ namn) kan tagas bort av utgivaren utan f\u00f6rhandsbesked om detta.<\/li>\n<li>Servicen baserar p\u00e5 bepr\u00f6vade internet-teknik (databas, mjukvara, server, m m). Kortvariga st\u00f6rningar eller uppeh\u00e5ll s\u00e5som de \u00e4r vanliga i det sammanhanget ger ej r\u00e4tt till skadest\u00e5nd eller ers\u00e4ttning.<\/li>\n<li>Prisen m\u00e5ste betalas alltid f\u00f6r ett helt \u00e5r. Det finns ej r\u00e4tt till ers\u00e4ttning.<\/li>\n<li>Kunden v\u00e4ljer ett l\u00f6senord vid registreringen, som hon f\u00e5r via mail till den angivna mailadressen tillsammans med kundnummret. Om du gl\u00f6mmer bort l\u00f6senordet kan du f\u00e5 ett nytt via mail om du uppger mailadressen. Utgivaren ger inte ut l\u00f6senord om inte kundens identitet fastst\u00e4lls utan tvivel.<\/li>\n<li>Utgivaren tar ej ansvar f\u00f6r felaktigt visade data eller liknande fel. * Om du vill ej anv\u00e4nda tj\u00e4nsten l\u00e4ngre, beh\u00f6ver du inte agera. Servicen blir av sig sj\u00e4lv inaktiv efter den tiden som \u00e4r betalat.<\/li>\n<\/ul>\n","protected":false},"excerpt":{"rendered":"<p>www.belegungsplan.com \/ www.bokningskalender.info: Belegungsplan.COM Hofwies 13 CH-8906 Bonstetten Vid evtl fr\u00e5gor mail till\u00a0info@belegungsplan.com\u00a0 Vi tackar\u00a0www.basebo.se\u00a0f\u00f6r \u00f6vers\u00e4ttningen! Vi tackar\u00a0www.basebo.se\u00a0f\u00f6r \u00f6vers\u00e4ttningen! Anv\u00e4ndervillkor bokningskalendern \u00e4r utvecklad endast f\u00f6r att visa bokningar (reservationer) av fritidshus, stugor, fartyg och liknande. Du f\u00e5r inte anv\u00e4nda bokningskalendern f\u00f6r pornografiska,\u00a0rasistiska\u00a0eller i andra st\u00f6tande syfte. Utgivaren tar ej \u00f6ver ansvaret f\u00f6r inneh\u00e5llet i enskilda &hellip; <a href=\"https:\/\/belegungsplan.com\/plus\/svensk\/impressum\/\" class=\"more-link\"><span class=\"screen-reader-text\">\u201eimpressum\u201c <\/span>weiterlesen<\/a><\/p>\n","protected":false},"author":1,"featured_media":0,"parent":257,"menu_order":4,"comment_status":"closed","ping_status":"closed","template":"","meta":{"footnotes":""},"class_list":["post-288","page","type-page","status-publish","hentry"],"_links":{"self":[{"href":"https:\/\/belegungsplan.com\/plus\/wp-json\/wp\/v2\/pages\/288","targetHints":{"allow":["GET"]}}],"collection":[{"href":"https:\/\/belegungsplan.com\/plus\/wp-json\/wp\/v2\/pages"}],"about":[{"href":"https:\/\/belegungsplan.com\/plus\/wp-json\/wp\/v2\/types\/page"}],"author":[{"embeddable":true,"href":"https:\/\/belegungsplan.com\/plus\/wp-json\/wp\/v2\/users\/1"}],"replies":[{"embeddable":true,"href":"https:\/\/belegungsplan.com\/plus\/wp-json\/wp\/v2\/comments?post=288"}],"version-history":[{"count":2,"href":"https:\/\/belegungsplan.com\/plus\/wp-json\/wp\/v2\/pages\/288\/revisions"}],"predecessor-version":[{"id":323,"href":"https:\/\/belegungsplan.com\/plus\/wp-json\/wp\/v2\/pages\/288\/revisions\/323"}],"up":[{"embeddable":true,"href":"https:\/\/belegungsplan.com\/plus\/wp-json\/wp\/v2\/pages\/257"}],"wp:attachment":[{"href":"https:\/\/belegungsplan.com\/plus\/wp-json\/wp\/v2\/media?parent=288"}],"curies":[{"name":"wp","href":"https:\/\/api.w.org\/{rel}","templated":true}]}}