{"id":283,"date":"2018-03-25T10:46:38","date_gmt":"2018-03-25T10:46:38","guid":{"rendered":"https:\/\/belegungsplan.com\/plus\/?page_id=283"},"modified":"2022-11-27T08:26:40","modified_gmt":"2022-11-27T08:26:40","slug":"info-pris","status":"publish","type":"page","link":"https:\/\/belegungsplan.com\/plus\/svensk\/info-pris\/","title":{"rendered":"info &#038; pris"},"content":{"rendered":"<h2>Sammanfattning<\/h2>\n<p><strong><img loading=\"lazy\" decoding=\"async\" class=\"size-medium alignleft\" src=\"https:\/\/belegungsplan.com\/userfiles\/image\/fotos\/haus1.jpg\" width=\"208\" height=\"150\" \/>Du<\/strong> har en stuga, <strong>ett fritidshus, ett rum<\/strong>, en bil eller n\u00e5t annat du hyr ut per dag eller l\u00e4ngre.<b><br \/>\n<\/b><strong>Du<\/strong> vill ha en <strong>grafisk bokningskalender<\/strong>, som du kan uppdatera enkelt och som visas p\u00e5 din egen hemsida.<\/p>\n<h2><a name=\"vorteile\"><\/a>Dina f\u00f6rdelar<\/h2>\n<ul>\n<li>Du beh\u00f6ver bara s\u00e4tta l\u00e4nken p\u00e5 din webbsida, sen kan du uppdatera bokningskalendern n\u00e4r som helst, var som helst och hur l\u00e4tt som helst.<\/li>\n<li>Du kan testa helt gratis i 30 dagar och d\u00e4refter best\u00e4mmer du om du vill k\u00f6pa tj\u00e4nsten. Om du inte best\u00e4ller aktivt, betalar du ingenting.<\/li>\n<li>Bokningskalendern h\u00f6jer attraktiviteten av din sida. Fler och fler kunder g\u00e5r via n\u00e4tet numera. de vill f\u00e5 service p\u00e5 din sida.<\/li>\n<li>M\u00e5nga bes\u00f6kare vill inte vara tvungna att ringa dig bara f\u00f6r att fr\u00e5ga om det \u00e4r ledigt &#8211; det vill man se direkt p\u00e5 hemsidan. Och s\u00e5 slipper du tiden f\u00f6r on\u00f6diga samtal.<\/li>\n<li>Du beh\u00f6ver inte uppdatera din hemsida n\u00e4r du \u00e4ndra bokningskalendern.<\/li>\n<li>Du kan \u00e4ndra bokningskalendern fr\u00e5n varje dator i hela v\u00e4rlden som \u00e4r uppkopplad, det \u00e4r bara att logga i sig. * Du kan \u00e4ven v\u00e4lja olika spr\u00e5k f\u00f6r kalendern om du marknadsf\u00f6r dig mot olika l\u00e4nder.<\/li>\n<li>Extrafunktioner s\u00e5som visning av helgdagar, antal klicks, m m<\/li>\n<\/ul>\n<h2><a name=\"so_gehts\"><\/a>S\u00e5 h\u00e4r enkelt prova du kalendern<\/h2>\n<ul>\n<li>Du registrera dig gratis som ny anv\u00e4ndare och f\u00e5r kundnummer och l\u00f6senord.<\/li>\n<li>Du kan skapa upp till tv\u00e5 bokningskalender med egen l\u00e4nkadress.<\/li>\n<li>Du klistra l\u00e4nken in i din egen sida. F\u00e4rdig!<\/li>\n<\/ul>\n<p>Nu kan du anv\u00e4nda tj\u00e4nsten i 30 dagar, helt gratis. Om du inte g\u00f6r n\u00e5got sen, f\u00f6rsvinner kalendern per automatik, du beh\u00f6ver inte s\u00e4ga upp tj\u00e4nsten (men informationen finns kvar i 6 m\u00e5nader om du skulle \u00e5ngra dig). Om du tycker om tj\u00e4nsten betala du avgiften och forts\u00e4tter att anv\u00e4nda bokningskalendern.<\/p>\n<div align=\"left\"><a href=\"https:\/\/belegungsplan.com\/plus\/svensk\/impressum\/\">&gt;&gt; Anv\u00e4ndervillkor<\/a><\/div>\n<h2>Pris:<\/h2>\n<table style=\"height: 365px;\" border=\"1\" width=\"942\" cellspacing=\"0\" cellpadding=\"4\">\n<tbody>\n<tr valign=\"top\">\n<td>Pris f\u00f6r <strong>upp till tv\u00e5bokningskalender<\/strong> \u00e4r:<\/td>\n<td>CHF\u00a020- \/ \u00e5r<\/p>\n<p>( \u20ac 20- \/ \u00e5r)<\/td>\n<td>Du m\u00e5ste boka ett helt \u00e5r, det g\u00e5r inte att betala f\u00f6r en delpe-<br \/>\nriod och inte heller kan du f\u00e5 pengar tillbaka f\u00f6r en delperiod mindre \u00e4n ett \u00e5r.<\/td>\n<\/tr>\n<tr valign=\"top\">\n<td>Pris f\u00f6r <strong>ytterligare 4 bokningskalender<\/strong><\/td>\n<td>CHF\u00a020.- \/\u00e5r<\/p>\n<p>( \u20ac 20.- \/ \u00e5r)<\/td>\n<td>Du kan bara till\u00e4ggsk\u00f6pa 4 kalender per g\u00e5ngen.<\/td>\n<\/tr>\n<\/tbody>\n<\/table>\n<p>&nbsp;<\/p>\n<table border=\"1\" width=\"100%\" cellspacing=\"0\" cellpadding=\"3\">\n<tbody>\n<tr valign=\"top\">\n<td><b>Exempel:<\/b><\/td>\n<td><b>Total pris \/ \u00e5r<\/b><strong>\u00a0<\/strong><\/td>\n<\/tr>\n<tr valign=\"top\">\n<td><b>1 <\/b>fritidshus, rum, &#8230;<\/td>\n<td>CHF\u00a020-\u00a0\/\u00a0\u00e5r<\/td>\n<td>&#8211;<\/td>\n<\/tr>\n<tr valign=\"top\">\n<td><b>2 <\/b>fritidshus, rum, &#8230;<\/td>\n<td>CHF 20.- \/ \u00e5r<\/td>\n<td>&#8211;<\/td>\n<\/tr>\n<tr valign=\"top\">\n<td><b>3 &#8211; 6 <\/b>fritidshus, rum, &#8230;<\/td>\n<td>CHF 40.- \/ \u00e5r<\/td>\n<td>+ 1 x CHF 20.-<\/td>\n<\/tr>\n<tr valign=\"top\">\n<td><b>7 &#8211; 10 <\/b>fritidshus, rum, &#8230;<\/td>\n<td>CHF 60.- \/ \u00e5r<\/td>\n<td>+ 2 x CHF 20.-<\/td>\n<\/tr>\n<tr valign=\"top\">\n<td><b>11 &#8211; 14 <\/b>fritidshus, rum, &#8230;<\/td>\n<td>CHF 80.- \/ \u00e5r<\/td>\n<td>+ 3 x CHF 20.-<\/td>\n<\/tr>\n<tr valign=\"top\">\n<td>&#8230;<\/td>\n<td>&#8230;<\/td>\n<td>&#8230;<\/td>\n<\/tr>\n<\/tbody>\n<\/table>\n<h2><a name=\"bezahlen\"><\/a>Betalning<\/h2>\n<p>Du kan betala via banken, kreditkort, Paypal eller kontant (se nedan). Gl\u00f6m ej att ange kundnummer! Hela beloppet m\u00e5ste komma in p\u00e5 v\u00e5rt konto, evtl transaktionskostnader ska du l\u00e4gga ovanp\u00e5 beloppet sj\u00e4lv.<\/p>\n<p><b>Via bank:<\/b><\/p>\n<table border=\"1\" width=\"70%\" cellspacing=\"0\" cellpadding=\"4\">\n<tbody>\n<tr valign=\"top\">\n<td class=\"tabellenzelle\">IBAN Nummer:<\/td>\n<td class=\"tabellenzelle\">IBAN CH28 0900 0000 8516 3694 4<\/td>\n<\/tr>\n<tr valign=\"top\">\n<td class=\"tabellenzelle\">Namn och adress mottagarbank:<\/td>\n<td class=\"tabellenzelle\"><b>Swiss Post &#8211; Postfinance<br \/>\nNordring 8<br \/>\nCH-3030 Bern <\/b><\/td>\n<\/tr>\n<tr valign=\"top\">\n<td class=\"tabellenzelle\" width=\"50%\">SWIFT Code:<\/td>\n<td class=\"tabellenzelle\">POFICHBEXXX<\/td>\n<\/tr>\n<tr valign=\"top\">\n<td class=\"rahmen\">euroSIC Clearing-Nummer:<\/td>\n<td class=\"rahmen\"><b>09000<\/b><\/td>\n<\/tr>\n<tr valign=\"top\">\n<td class=\"tabellenzelle\">Konto-Nummer Mottagare:<\/td>\n<td class=\"tabellenzelle\"><b>85-163694-4<\/b><\/td>\n<\/tr>\n<tr valign=\"top\">\n<td class=\"tabellenzelle\">Mottagare Adress:<\/td>\n<td class=\"tabellenzelle\"><b>Belegungsplan.com<br \/>\nCH-8906 Bonstetten<\/b><\/td>\n<\/tr>\n<\/tbody>\n<\/table>\n<h1><strong><a name=\"paypal\"><\/a>Kreditkort eller\u00a0<\/strong><img loading=\"lazy\" decoding=\"async\" src=\"https:\/\/belegungsplan.com\/userfiles\/image\/paypal_logo.gif\" alt=\"\" width=\"118\" height=\"39\" align=\"absMiddle\" \/><\/h1>\n<p>Du kan ocks\u00e5 betala med PayPal eller kreditkort:<br \/>\n<a href=\"https:\/\/paypal.me\/belegungsplan?locale.x=de_DE\" target=\"_blank\" rel=\"noopener noreferrer\">https:\/\/paypal.me\/belegungsplan<\/a><\/p>\n","protected":false},"excerpt":{"rendered":"<p>Sammanfattning Du har en stuga, ett fritidshus, ett rum, en bil eller n\u00e5t annat du hyr ut per dag eller l\u00e4ngre. Du vill ha en grafisk bokningskalender, som du kan uppdatera enkelt och som visas p\u00e5 din egen hemsida. Dina f\u00f6rdelar Du beh\u00f6ver bara s\u00e4tta l\u00e4nken p\u00e5 din webbsida, sen kan du uppdatera bokningskalendern n\u00e4r &hellip; <a href=\"https:\/\/belegungsplan.com\/plus\/svensk\/info-pris\/\" class=\"more-link\"><span class=\"screen-reader-text\">\u201einfo &#038; pris\u201c <\/span>weiterlesen<\/a><\/p>\n","protected":false},"author":1,"featured_media":0,"parent":257,"menu_order":0,"comment_status":"closed","ping_status":"closed","template":"","meta":{"footnotes":""},"class_list":["post-283","page","type-page","status-publish","hentry"],"_links":{"self":[{"href":"https:\/\/belegungsplan.com\/plus\/wp-json\/wp\/v2\/pages\/283","targetHints":{"allow":["GET"]}}],"collection":[{"href":"https:\/\/belegungsplan.com\/plus\/wp-json\/wp\/v2\/pages"}],"about":[{"href":"https:\/\/belegungsplan.com\/plus\/wp-json\/wp\/v2\/types\/page"}],"author":[{"embeddable":true,"href":"https:\/\/belegungsplan.com\/plus\/wp-json\/wp\/v2\/users\/1"}],"replies":[{"embeddable":true,"href":"https:\/\/belegungsplan.com\/plus\/wp-json\/wp\/v2\/comments?post=283"}],"version-history":[{"count":10,"href":"https:\/\/belegungsplan.com\/plus\/wp-json\/wp\/v2\/pages\/283\/revisions"}],"predecessor-version":[{"id":694,"href":"https:\/\/belegungsplan.com\/plus\/wp-json\/wp\/v2\/pages\/283\/revisions\/694"}],"up":[{"embeddable":true,"href":"https:\/\/belegungsplan.com\/plus\/wp-json\/wp\/v2\/pages\/257"}],"wp:attachment":[{"href":"https:\/\/belegungsplan.com\/plus\/wp-json\/wp\/v2\/media?parent=283"}],"curies":[{"name":"wp","href":"https:\/\/api.w.org\/{rel}","templated":true}]}}