{"id":270,"date":"2018-03-25T10:32:57","date_gmt":"2018-03-25T10:32:57","guid":{"rendered":"https:\/\/belegungsplan.com\/plus\/?page_id=270"},"modified":"2018-04-17T05:37:32","modified_gmt":"2018-04-17T05:37:32","slug":"hilfe","status":"publish","type":"page","link":"https:\/\/belegungsplan.com\/plus\/175-2\/hilfe\/","title":{"rendered":"Hilfe"},"content":{"rendered":"<h2><b><a name=\"html\"><\/a>Einbinden des Belegungsplanes in Ihre Webseite<\/b><\/h2>\n<p>Wenn Sie einen Belegungsplan eingerichtet haben, erhalten Sie einen Link dazu. Dieser lautet beispielsweise<\/p>\n<ul>\n<li><a href=\"https:\/\/www.belegungsplan.com\/?id=1\">https:\/\/www.belegungsplan.com\/?id=1<\/a> f\u00fcr die<b><b> Jahres\u00fcbersicht<\/b><\/b><\/li>\n<li><a href=\"https:\/\/www.belegungsplan.com\/?show=m&amp;id=2\">https:\/\/www.belegungsplan.com\/?show=m&amp;id=1<\/a>\u00a0f\u00fcr die\u00a0<b>Monats\u00fcbersicht.<\/b><\/li>\n<li><a href=\"https:\/\/www.belegungsplan.com\/?show=r&amp;id=2\">https:\/\/www.belegungsplan.com\/?show=r&amp;id=1<\/a>\u00a0f\u00fcr die <strong>Jahres\u00fcbersicht im responsive Design<\/strong>, d.h. f\u00fcr die automatisch optimierte Darstellung je nach verwendetem Ger\u00e4t (PC, Smartphone, Tablett).<b><br \/>\n<\/b><\/li>\n<\/ul>\n<p>Sie k\u00f6nnen den oder die beiden Links, die wir im Folgenden als Beispiele benutzen, in Ihre Webseite einbauen.<br \/>\nDies muss <b>nur einmal geschehen<\/b>, nachher m\u00fcssen Sie nichts mehr \u00e4ndern!<\/p>\n<ul>\n<li><b>Beachten<\/b><b>Sie<\/b>, dass Sie nat\u00fcrlich <b>Ihren Link benutzen<\/b> m\u00fcssen. Dieser unterscheidet sich nur durch die Nummer am Schluss des Links (im Beispiel oben ist dies die Nummer 1).<\/li>\n<li><b>Ihre Nummer<\/b> ist die <b>Objektnummer<\/b>, die Sie in Ihren Daten im <b>Kundenbereich<\/b> finden. Sie gelangen dorthin, indem Sie von der <a href=\"https:\/\/belegungsplan.com\/\">Homepage<\/a> aus mit Kundennummer und dem Passwort in den Kundenbereich gelangen. Dort finden Sie auch den Link zu Ihrem Belegungsplan.<\/li>\n<li>Die Kalendertexte (Monats- und Tagesnamen, etc.) k\u00f6nnen Sie auch auf andere Sprachen umschalten: <a href=\"https:\/\/belegungsplan.com\/plus\/175-2\/hilfe\/\">&gt;&gt; mehr Infos<\/a><\/li>\n<\/ul>\n<p>In vielen F\u00e4llen k\u00f6nnen Sie den Link mittels Kopieren\/Einf\u00fcgen (copy\/paste) in Ihren HTML-Editor (z.B. FrontPage, Dreamweaver, etc.) \u00fcbernehmen und z.B. in das Auswahlmenu auf Ihrer Seite einbinden.<\/p>\n<p>Sie k\u00f6nnen auch folgenden <b><span style=\"color: #336600;\">HTML-Code<\/span><\/b> von Hand benutzen:<\/p>\n<p><b>Beispiele:<\/b><\/p>\n<p><b>Variante 1: Der Belegungsplan \u00f6ffnet sich im selben Fenster, wo sich auch der Link befindet<\/b><\/p>\n<table border=\"1\" cellspacing=\"0\" cellpadding=\"5\">\n<tbody>\n<tr>\n<td><span style=\"color: #336600;\">&lt;a href=&#8220;https:\/\/www.belegungsplan.com\/?id=1&#8243;&gt;Belegungsplan&lt;\/a&gt; <\/span><\/td>\n<\/tr>\n<\/tbody>\n<\/table>\n<p>So sieht das Ergebnis aus: <a href=\"https:\/\/www.belegungsplan.com\/?id=1\">Belegungsplan<\/a><\/p>\n<hr noshade=\"noshade\" size=\"1\" \/>\n<p><b>Variante 2: Der Belegungsplan \u00f6ffnet sich in einem neuen Fenster<\/b><\/p>\n<table border=\"1\" cellspacing=\"0\" cellpadding=\"5\">\n<tbody>\n<tr>\n<td><span style=\"color: #336600;\">&lt;a href=&#8220;https:\/\/www.belegungsplan.com\/?id=1&#8243; <b>target=&#8220;_blank&#8220; <\/b>&gt;Belegungsplan&lt;\/a&gt; <\/span><\/td>\n<\/tr>\n<\/tbody>\n<\/table>\n<p>So sieht das Ergebnis aus: <a href=\"https:\/\/www.belegungsplan.com\/?id=1\" target=\"_blank\" rel=\"noopener\">Belegungsplan<\/a><\/p>\n<hr noshade=\"noshade\" size=\"1\" \/>\n<p><b>Variante 3: Mehrere Belegungspl\u00e4ne gleichzeitig anzeigen<\/b><\/p>\n<p>Variante 3a (<b>Monatsanzeige \/ Liste <\/b>): Zur Anzeige mehrerer Belegungspl\u00e4ne in <b>kompakter Darstellung<\/b> m\u00fcssen Sie nur die gew\u00fcnschten Nummern (id) durch Komma getrennt als Wert &#8222;Liste&#8220; angeben:<\/p>\n<table border=\"1\" cellspacing=\"0\" cellpadding=\"5\">\n<tbody>\n<tr>\n<td><span style=\"color: #336600;\">&lt;a href=&#8220;https:\/\/www.belegungsplan.com\/?<b>show=l&amp;list=2,4,271<\/b>&#8222;&gt;Belegungsplan&lt;\/a&gt; <\/span><\/td>\n<\/tr>\n<\/tbody>\n<\/table>\n<p>So sieht das Ergebnis aus: <a href=\"https:\/\/www.belegungsplan.com\/?show=l&amp;list=2,4,271\" target=\"_blank\" rel=\"noopener\">Belegungspl\u00e4ne als Liste<\/a><\/p>\n<p>Variante 3b (<b>Jahresanzeige<\/b>): Zur Anzeige mehrerer Belegungspl\u00e4ne m\u00fcssen Sie nur die gew\u00fcnschten Nummern (id) durch Komma getrennt angeben:<\/p>\n<table border=\"1\" cellspacing=\"0\" cellpadding=\"5\">\n<tbody>\n<tr>\n<td><span style=\"color: #336600;\">&lt;a href=&#8220;https:\/\/www.belegungsplan.com\/?id=<b>1,4<\/b>&#8222;&gt;Belegungsplan&lt;\/a&gt; <\/span><\/td>\n<\/tr>\n<\/tbody>\n<\/table>\n<p>So sieht das Ergebnis aus: <a href=\"https:\/\/www.belegungsplan.com\/?id=1,4\" target=\"_blank\" rel=\"noopener\">Mehrere Belegungspl\u00e4ne untereinander<\/a><\/p>\n<hr noshade=\"noshade\" size=\"1\" \/>\n<p><b>Variante 4: Der Belegungsplan erscheint an der gew\u00fcnschten Stelle in Ihrer Webseite<\/b><\/p>\n<p>Dies ist aus Platzgr\u00fcnden besonders bei der Monats\u00fcbersicht sinnvoll:<\/p>\n<p><strong>Variante 4a Verwendung von &lt;iframe&gt;<\/strong><\/p>\n<table border=\"1\" cellspacing=\"0\" cellpadding=\"5\">\n<tbody>\n<tr>\n<td><span style=\"color: #336600;\">&lt;iframe src=&#8220;https:\/\/www.belegungsplan.com\/?show=m&amp;id=1&#8243; border=0 scrolling=no width=&#8220;200&#8243; height=&#8220;220&#8243; name=&#8220;Belegungsplan&#8220;&gt;<br \/>\n&lt;p&gt;Ihr Browser kann leider keine eingebetteten Frames anzeigen. Den Kalender finden Sie hier:<br \/>\n&lt;a href=&#8220;https:\/\/www.belegungsplan.com\/?show=m&amp;id=1&#8243;&gt;Monatskalender&lt;\/a&gt;&lt;\/p&gt;<br \/>\n&lt;\/iframe&gt;<\/span><\/td>\n<\/tr>\n<\/tbody>\n<\/table>\n<p>So sieht das Ergebnis aus (im Beispiel die Monatsansicht, funktioniert aber auch mit der Jahresansicht)<\/p>\n<p>Hinweis: Der oben eingebettete Belegungsplan mittels &lt;iframe&gt; funktioniert nicht mit Netscape 4.x &#8211; leider. Zu diesem Zweck ist der Hinweistext &#8222;<i>Ihr Browser &#8230;.<\/i>&#8220; vorhanden und der Link <i>&#8230;Monatskalender<\/i>&#8222;. So gibt es auch f\u00fcr Netscape 4.x-Benutzer eine M\u00f6glichkeit, Ihren Belegungsplan zu benutzen.<\/p>\n<p><strong>Variante 4b: Verwendung von &lt;object&gt;<\/strong><\/p>\n<table border=\"1\" cellspacing=\"0\" cellpadding=\"5\">\n<tbody>\n<tr>\n<td><span style=\"color: #336600;\">&lt;object src=&#8220;https:\/\/www.belegungsplan.com\/?show=m&amp;id=1&#8243; width=&#8220;800&#8243; height=&#8220;500&#8243;&gt;<br \/>\n<\/span><span style=\"color: #336600;\">Fehler: Belegungsplan kann nicht angzeigt werden.<br \/>\n&lt;\/object&gt;<\/span><\/td>\n<\/tr>\n<\/tbody>\n<\/table>\n<ul>\n<li>Der Text &#8222;Fehler: &#8230;. &#8220; kann beliebig ge\u00f6ndert werden und erscheint, wenn der Link zum Belegungsplan nicht stimmt.<\/li>\n<li>Die Parameter &#8222;width&#8220; und &#8222;height&#8220; definieren, wie gross das Rechteck in der Webseite ist, worin der Belegungsplan angezeigt wird und kann ge\u00e4ndert werden.<\/li>\n<\/ul>\n<p>Das Ergebnis sieht so aus (Beispiel Jahresansicht, funktioniert auch mit der Monatsansicht)<\/p>\n","protected":false},"excerpt":{"rendered":"<p>Einbinden des Belegungsplanes in Ihre Webseite Wenn Sie einen Belegungsplan eingerichtet haben, erhalten Sie einen Link dazu. Dieser lautet beispielsweise https:\/\/www.belegungsplan.com\/?id=1 f\u00fcr die Jahres\u00fcbersicht https:\/\/www.belegungsplan.com\/?show=m&amp;id=1\u00a0f\u00fcr die\u00a0Monats\u00fcbersicht. https:\/\/www.belegungsplan.com\/?show=r&amp;id=1\u00a0f\u00fcr die Jahres\u00fcbersicht im responsive Design, d.h. f\u00fcr die automatisch optimierte Darstellung je nach verwendetem Ger\u00e4t (PC, Smartphone, Tablett). Sie k\u00f6nnen den oder die beiden Links, die wir im &hellip; <a href=\"https:\/\/belegungsplan.com\/plus\/175-2\/hilfe\/\" class=\"more-link\"><span class=\"screen-reader-text\">\u201eHilfe\u201c <\/span>weiterlesen<\/a><\/p>\n","protected":false},"author":1,"featured_media":0,"parent":175,"menu_order":2,"comment_status":"closed","ping_status":"closed","template":"","meta":{"footnotes":""},"class_list":["post-270","page","type-page","status-publish","hentry"],"_links":{"self":[{"href":"https:\/\/belegungsplan.com\/plus\/wp-json\/wp\/v2\/pages\/270","targetHints":{"allow":["GET"]}}],"collection":[{"href":"https:\/\/belegungsplan.com\/plus\/wp-json\/wp\/v2\/pages"}],"about":[{"href":"https:\/\/belegungsplan.com\/plus\/wp-json\/wp\/v2\/types\/page"}],"author":[{"embeddable":true,"href":"https:\/\/belegungsplan.com\/plus\/wp-json\/wp\/v2\/users\/1"}],"replies":[{"embeddable":true,"href":"https:\/\/belegungsplan.com\/plus\/wp-json\/wp\/v2\/comments?post=270"}],"version-history":[{"count":6,"href":"https:\/\/belegungsplan.com\/plus\/wp-json\/wp\/v2\/pages\/270\/revisions"}],"predecessor-version":[{"id":356,"href":"https:\/\/belegungsplan.com\/plus\/wp-json\/wp\/v2\/pages\/270\/revisions\/356"}],"up":[{"embeddable":true,"href":"https:\/\/belegungsplan.com\/plus\/wp-json\/wp\/v2\/pages\/175"}],"wp:attachment":[{"href":"https:\/\/belegungsplan.com\/plus\/wp-json\/wp\/v2\/media?parent=270"}],"curies":[{"name":"wp","href":"https:\/\/api.w.org\/{rel}","templated":true}]}}