{"id":262,"date":"2018-03-25T10:22:11","date_gmt":"2018-03-25T10:22:11","guid":{"rendered":"https:\/\/belegungsplan.com\/plus\/?page_id=262"},"modified":"2022-11-27T08:25:03","modified_gmt":"2022-11-27T08:25:03","slug":"infos-preise","status":"publish","type":"page","link":"https:\/\/belegungsplan.com\/plus\/175-2\/infos-preise\/","title":{"rendered":"Infos &#038; Preise"},"content":{"rendered":"<p>Inhalt:<br \/>\n&#8211; <a href=\"#zusammenfassung\">Zusamenfassung<\/a><br \/>\n&#8211; <a href=\"#so_gehts\">So funktioniert es<\/a><br \/>\n&#8211; <a href=\"#bezahlen\">Wie bezahlen<\/a><\/p>\n<h2><a name=\"zusammenfassung\"><\/a>Zusammenfassung<\/h2>\n<p><img loading=\"lazy\" decoding=\"async\" class=\"alignleft size-medium\" src=\"https:\/\/belegungsplan.com\/userfiles\/image\/fotos\/haus1.jpg\" width=\"208\" height=\"150\" \/><\/p>\n<p><b>Sie<\/b> haben ein Ferienhaus, Ferienwohnung, Wohnmobil, Schiff oder ein anderes Objekt, dass Sie <b>tageweise vermieten<\/b>.<\/p>\n<p><b>Sie<\/b> haben eine Internetseite, wo Sie Ihr Objekt vorstellen und m\u00f6chten gerne <b>einen einfach \u00e4nderbaren Belegungsplan<\/b> f\u00fcr Ihre Kunden<\/p>\n<p><b>Wir<\/b> bieten Ihnen einen einfach zu \u00e4ndernden, <b>grafischen Belegungsplan<\/b> f\u00fcr Ihr Objekt an.<\/p>\n<h2>Vorteile f\u00fcr Sie<\/h2>\n<ul>\n<li><b>Sie<\/b> m\u00fcssen <b>nur einmal<\/b> den entsprechenden Link in Ihre Webseite einbauen. Anschliessend k\u00f6nnen Sie den Belegungsplan sehr einfach, jederzeit, ohne besondere Webseitenkenntnisse und von jedem Internetzugang aus \u00e4ndern.<\/li>\n<li><b>Sie<\/b> k\u00f6nnen den Belegungsplan <b>unverbindlich und kostenlos<\/b> w\u00e4hrend 30 Tagen <b>testen<\/b>. Erst dann k\u00f6nnen Sie entscheiden, ob Sie diese Dienstleistung die eine geringe Jahresgeb\u00fchr nutzen m\u00f6chten. Wenn Ihnen das Angebot nicht gef\u00e4llt m\u00fcssen Sie nichts unternehmen.<\/li>\n<li>Kunden benutzen <b>zunehmend das Internet<\/b> f\u00fcr die Suche und Buchung nach einem geeigneten Objekt. <b>Ein aktueller, grafischer Belegungsplan steigert die Attraktivit\u00e4t<\/b> Ihrer Webseite.<\/li>\n<li>Viele Internetbenutzer m\u00f6chten <b>nicht erst anrufen<\/b>, um zu erfahren, ob ein Termin frei ist &#8211; man erwartet heute die entsprechenden Information auf der Internetseite des gew\u00fcnschten Objektes.<\/li>\n<li><b>Unn\u00f6tige Anfragen<\/b> (weil das gew\u00fcnschte Datum schon belegt ist)<b> bei Ihnen entfallen<\/b>, da die entsprechende Information auf der Internetseite zu finden ist.<\/li>\n<li>Sie m\u00fcssen einen allf\u00e4llig eigenen HTML-Belegungsplan nicht mehr laufend \u00e4ndern und auf den Server laden.<\/li>\n<li>Unseren Belegungsplan k\u00f6nnen Sie von <b><b>jedem PC mit Internetzugang aus &#8211; weltweit &#8211; \u00e4ndern und aktualisieren.<\/b><\/b><\/li>\n<li>Kalendertexte (Tages- und Monatsnamen, Legende, &#8230;) sind auch in <b>anderen Sprachen<\/b> verf\u00fcgbar (<a href=\"https:\/\/belegungsplan.com\/plus\/175-2\/hilfe\/\">mehr dazu in der Hilfe<\/a>)<\/li>\n<li>Der Belegungsplan hat <b>n\u00fctzliche Zusatz-Funktionen<\/b>, wie beispielsweise automatische Anzeige von Oster- und Pfingstdatum f\u00fcr das gew\u00fcnschte Jahr, Anzeige wie oft der Kalender aufgerufen wurde, etc.<\/li>\n<\/ul>\n<h2><a name=\"so_gehts\"><\/a>So einfach funktioniert es<\/h2>\n<ol>\n<li>\n<div align=\"left\">Sie registrieren sich &#8211; <b>unverbindlich und kostenlos<\/b> &#8211; als Benutzer. So erhalten Sie eine Kundennummer und ein Passwort<\/div>\n<\/li>\n<li>\n<div align=\"left\">Mit der Kundennummer und dem Passwort k\u00f6nnen sie &#8211; <b>unverbindlich und kostenlos<\/b> &#8211; <b>bis zu zwei Belegungspl\u00e4ne einrichten<\/b>. So <b>erhalten Sie einen Link<\/b> zu Ihrem pers\u00f6nlichen Belegungsplan<\/div>\n<\/li>\n<li>\n<div align=\"left\">Sie binden den <b>Link in Ihre Webseite<\/b> ein &#8211; <b>fertig<\/b>!<\/div>\n<\/li>\n<\/ol>\n<p>Der Dienst steht Ihnen nun 30 Tage &#8211; <b>unverbindlich und kostenlos <\/b>&#8211; zur Verf\u00fcgung.<\/p>\n<p>Wenn Sie <b>nicht zufrieden<\/b> sind, <b>m\u00fcssen Sie nichts unternehmen<\/b>. Der Belegungsplan deaktiviert sich nach Ablauf der Probefrist automatisch. Die Daten sind jedoch immer noch vorhanden und werden erst 6 Monate nach dem Ablauf vollst\u00e4ndig gel\u00f6scht (oder k\u00f6nnen durch Sie gel\u00f6scht werden).<\/p>\n<p>Wenn Ihnen <b>die Dienstleistung gef\u00e4llt<\/b>, <b>bezahlen Sie die Nutzungsgeb\u00fchr<\/b>. Nach Eintreffen des Betrages steht der Belegungsplan f\u00fcr die bezahlte Dauer zur Verf\u00fcgung.<\/p>\n<p><a href=\"https:\/\/belegungsplan.com\/plus\/175-2\/impressung\/\">&gt; Die Nutzungsbedingungen<\/a><\/p>\n<h2><a name=\"preise\"><\/a>Preise<\/h2>\n<table border=\"1\" width=\"100%\" cellspacing=\"0\" cellpadding=\"4\">\n<tbody>\n<tr valign=\"top\">\n<td><b>Grundpreis<\/b> f\u00fcr bis zu 2 Belegungspl\u00e4ne:<\/td>\n<td>CHF\u00a020.-\u00a0\/\u00a0Jahr<\/p>\n<p>( \u20ac 20.- \/ Jahr)<\/td>\n<td>Die Dienstleistung kann nur jeweils f\u00fcr ein <b>ganzes Jahr<\/b> in Anspruch genommen werden.<br \/>\nEine anteilsm\u00e4ssige Bezahlung oder R\u00fcckerstattung ist nicht m\u00f6glich.<\/td>\n<\/tr>\n<tr valign=\"top\">\n<td>Preis f\u00fcr <b>weitere<\/b> 4 Belegungspl\u00e4ne<\/td>\n<td>CHF\u00a020.-\u00a0\/\u00a0Jahr<\/p>\n<p>( \u20ac 20.- \/ Jahr)<\/td>\n<td>Es k\u00f6nnen nur immer &#8222;4er Packs&#8220; dazugekauft werden.<\/td>\n<\/tr>\n<\/tbody>\n<\/table>\n<table border=\"1\" width=\"100%\" cellspacing=\"0\" cellpadding=\"3\">\n<tbody>\n<tr valign=\"top\">\n<td><b>Beispiele:<\/b><\/td>\n<td><b>Total Preis pro Jahr<\/b><\/td>\n<\/tr>\n<tr valign=\"top\">\n<td><b>1 <\/b>Ferienhaus, Ferienwohnung, etc.<\/td>\n<td>CHF\u00a020.-\u00a0\/\u00a0Jahr<\/td>\n<td>Entspricht der Grundgeb\u00fchr<\/td>\n<\/tr>\n<tr valign=\"top\">\n<td><b>2 <\/b>Ferienh\u00e4user, Ferienwohnungen, etc.<\/td>\n<td>CHF 20.- \/ Jahr<\/td>\n<td>Entspricht der Grundgeb\u00fchr<\/td>\n<\/tr>\n<tr valign=\"top\">\n<td><b>3 bis 6 <\/b>Ferienh\u00e4user, Ferienwohnungen, etc.<\/td>\n<td>CHF 40.- \/ Jahr<\/td>\n<td>Grundgeb\u00fchr + 1 x CHF 20.-<\/td>\n<\/tr>\n<tr valign=\"top\">\n<td><b>7 bis 10 <\/b>Ferienh\u00e4user, Ferienwohnungen, etc.<\/td>\n<td>CHF 60.- \/ Jahr<\/td>\n<td>Grundgeb\u00fchr + 2 x CHF 20.-<\/td>\n<\/tr>\n<tr valign=\"top\">\n<td><b>11 bis 14 <\/b>Ferienh\u00e4user, Ferienwohnungen, etc.<\/td>\n<td>CHF 80.- \/ Jahr<\/td>\n<td>Grundgeb\u00fchr + 3 x CHF 20.-<\/td>\n<\/tr>\n<tr valign=\"top\">\n<td>&#8230;<\/td>\n<td>&#8230;<\/td>\n<td>&#8230;<\/td>\n<\/tr>\n<\/tbody>\n<\/table>\n<h2><a name=\"bezahlen\"><\/a>Wie bezahlen?<\/h2>\n<p>Sie k\u00f6nnen mittels <strong>Bank\u00fcberweisung<\/strong>, <strong>Kreditkarte, Paypal <\/strong>oder <strong>bar<\/strong> bezahlen. Die Informationen finden Sie unten.<\/p>\n<p>Unabh\u00e4ngig davon wie Sie bezahlen:<br \/>\nGeben Sie <b>unbedingt Ihre Kunden-Nummer<\/b> an, damit wir wissen, wem wir diese Zahlung gutschreiben k\u00f6nnen.<\/p>\n<h1><strong>Bank\u00fcberweisung:<\/strong><\/h1>\n<p><b><img loading=\"lazy\" decoding=\"async\" src=\"https:\/\/belegungsplan.com\/userfiles\/image\/flaggen\/ch.gif\" alt=\"\" width=\"40\" height=\"24\" align=\"absMiddle\" hspace=\"5\" \/>F\u00fcr Kunden aus der Schweiz <\/b>(Zahlung in Schweizer Franken)<b>:<\/b><\/p>\n<p>Bitte \u00fcberweisen Sie den Betrag auf unser Postkonto:<\/p>\n<table style=\"height: 175px;\" border=\"1\" width=\"503\" cellspacing=\"0\" cellpadding=\"4\">\n<tbody>\n<tr valign=\"top\">\n<td>Postkonto Nr.<\/td>\n<td><b>85-163694-4<\/b><\/td>\n<\/tr>\n<tr valign=\"top\">\n<td>Konto-Inhaber:<\/td>\n<td><b>Belegungsplan.com,<br \/>\n8906 Bonstetten<\/b><\/td>\n<\/tr>\n<tr valign=\"top\">\n<td><a href=\"https:\/\/belegungsplan.com\/plus\/wp-content\/uploads\/2022\/04\/QR_Rechnung_Belegungsplan2022.pdf\">Einzahlungsschein<\/a><\/td>\n<td><img decoding=\"async\" src=\"https:\/\/belegungsplan.com\/plus\/wp-content\/uploads\/2022\/04\/SwissQR.png\" width=\"200px\" \/><\/td>\n<\/tr>\n<\/tbody>\n<\/table>\n<p><b><img loading=\"lazy\" decoding=\"async\" src=\"https:\/\/belegungsplan.com\/userfiles\/image\/flaggen\/eu.gif\" alt=\"\" width=\"40\" height=\"24\" align=\"absMiddle\" hspace=\"5\" \/>\u00a0\u00a0F\u00fcr Kunden aus dem Ausland (Zahlung in \u20ac):<\/b><\/p>\n<p align=\"left\">Geben Sie Ihrem Finanzinistitut zus\u00e4tzlich zur Kontonummer und Kontoinhaber noch den sogenannten <b>SWIFT-Code<\/b> an. So k\u00f6nnen Zahlungen aus der ganzen Welt get\u00e4tigt werden:<br \/>\nGeben Sie Ihrem Finanzinstitut folgende Informationen an. So sind Zahlungen aus der ganzen Welt m\u00f6glich:<\/p>\n<table border=\"1\" width=\"70%\" cellspacing=\"0\" cellpadding=\"4\">\n<tbody>\n<tr valign=\"top\">\n<td class=\"tabellenzelle\">IBAN Nummer:<\/td>\n<td class=\"tabellenzelle\">IBAN CH28 0900 0000 8516 3694 4<\/td>\n<\/tr>\n<tr valign=\"top\">\n<td class=\"tabellenzelle\">Name und Adresse Beg\u00fcnstigtenbank:<\/td>\n<td class=\"tabellenzelle\"><b>Swiss Post &#8211; Postfinance<br \/>\nNordring 8<br \/>\nCH-3030 Bern <\/b><\/td>\n<\/tr>\n<tr valign=\"top\">\n<td class=\"tabellenzelle\" width=\"50%\">BIC \/ SWIFT Code:<\/td>\n<td class=\"tabellenzelle\">POFICHBEXXX<\/td>\n<\/tr>\n<tr valign=\"top\">\n<td class=\"rahmen\">euroSIC Clearing-Nummer:<\/td>\n<td class=\"rahmen\"><b>09000<\/b><\/td>\n<\/tr>\n<tr valign=\"top\">\n<td class=\"tabellenzelle\">Konto-Nummer Beg\u00fcnstigter:<\/td>\n<td class=\"tabellenzelle\"><b>85-163694-4<\/b><\/td>\n<\/tr>\n<tr valign=\"top\">\n<td class=\"tabellenzelle\">Empf\u00e4nger\/Ort:<\/td>\n<td class=\"tabellenzelle\"><b>Belegungsplan.com<br \/>\nHofwies 13<br \/>\nCH-8906 Bonstetten<\/b><\/td>\n<\/tr>\n<\/tbody>\n<\/table>\n<p>Die Bezahlung in Euro ist m\u00f6glich.<br \/>\nBitte beachten Sie, dass allf\u00e4llige \u00dcberweisungsgeb\u00fchren von Ihnen zu tragen sind. Bei uns hat der gesamte Betrag einzutreffen.<\/p>\n<h1>Kreditkarte<strong> und <\/strong><img loading=\"lazy\" decoding=\"async\" src=\"https:\/\/belegungsplan.com\/userfiles\/image\/paypal_logo.gif\" alt=\"\" width=\"118\" height=\"39\" align=\"absMiddle\" \/>:<\/h1>\n<p>Sie k\u00f6nnen auch mit <strong>PayPal<\/strong> oder <strong>Kreditkarte<\/strong> bezahlen:<br \/>\n<a href=\"https:\/\/paypal.me\/belegungsplan?locale.x=de_DE\" target=\"_blank\" rel=\"noopener noreferrer\">https:\/\/paypal.me\/belegungsplan<\/a><\/p>\n<h1>Barzahlung:<\/h1>\n<p>Sie k\u00f6nnen uns das Geld auch in bar (auch in Euro) senden. Wir empfehlen Ihnen, das Geld in diesem Fall <b>eingeschrieben<\/b> zu senden. Checks werden aufgrund der hohen Geb\u00fchren nicht akzeptiert.<\/p>\n<p><b>Nach Benachrichtigung<\/b> \u00fcber den Eingang Ihrer Zahlung wird die Nutzungsdauer in der Regel innert 5 Tagen entsprechend verl\u00e4ngert.<a href=\"https:\/\/belegungsplan.com\/info#top\"><br \/>\n<\/a><\/p>\n","protected":false},"excerpt":{"rendered":"<p>Inhalt: &#8211; Zusamenfassung &#8211; So funktioniert es &#8211; Wie bezahlen Zusammenfassung Sie haben ein Ferienhaus, Ferienwohnung, Wohnmobil, Schiff oder ein anderes Objekt, dass Sie tageweise vermieten. Sie haben eine Internetseite, wo Sie Ihr Objekt vorstellen und m\u00f6chten gerne einen einfach \u00e4nderbaren Belegungsplan f\u00fcr Ihre Kunden Wir bieten Ihnen einen einfach zu \u00e4ndernden, grafischen Belegungsplan f\u00fcr &hellip; <a href=\"https:\/\/belegungsplan.com\/plus\/175-2\/infos-preise\/\" class=\"more-link\"><span class=\"screen-reader-text\">\u201eInfos &#038; Preise\u201c <\/span>weiterlesen<\/a><\/p>\n","protected":false},"author":1,"featured_media":0,"parent":175,"menu_order":0,"comment_status":"closed","ping_status":"closed","template":"","meta":{"footnotes":""},"class_list":["post-262","page","type-page","status-publish","hentry"],"_links":{"self":[{"href":"https:\/\/belegungsplan.com\/plus\/wp-json\/wp\/v2\/pages\/262","targetHints":{"allow":["GET"]}}],"collection":[{"href":"https:\/\/belegungsplan.com\/plus\/wp-json\/wp\/v2\/pages"}],"about":[{"href":"https:\/\/belegungsplan.com\/plus\/wp-json\/wp\/v2\/types\/page"}],"author":[{"embeddable":true,"href":"https:\/\/belegungsplan.com\/plus\/wp-json\/wp\/v2\/users\/1"}],"replies":[{"embeddable":true,"href":"https:\/\/belegungsplan.com\/plus\/wp-json\/wp\/v2\/comments?post=262"}],"version-history":[{"count":22,"href":"https:\/\/belegungsplan.com\/plus\/wp-json\/wp\/v2\/pages\/262\/revisions"}],"predecessor-version":[{"id":578,"href":"https:\/\/belegungsplan.com\/plus\/wp-json\/wp\/v2\/pages\/262\/revisions\/578"}],"up":[{"embeddable":true,"href":"https:\/\/belegungsplan.com\/plus\/wp-json\/wp\/v2\/pages\/175"}],"wp:attachment":[{"href":"https:\/\/belegungsplan.com\/plus\/wp-json\/wp\/v2\/media?parent=262"}],"curies":[{"name":"wp","href":"https:\/\/api.w.org\/{rel}","templated":true}]}}