{"id":257,"date":"2018-03-25T10:12:42","date_gmt":"2018-03-25T10:12:42","guid":{"rendered":"https:\/\/belegungsplan.com\/plus\/?page_id=257"},"modified":"2018-03-25T11:21:47","modified_gmt":"2018-03-25T11:21:47","slug":"svensk","status":"publish","type":"page","link":"https:\/\/belegungsplan.com\/plus\/svensk\/","title":{"rendered":"St\u00f6rre nytta f\u00f6r dig och dina g\u00e4ster"},"content":{"rendered":"<div><img loading=\"lazy\" decoding=\"async\" class=\"alignleft\" src=\"https:\/\/www.belegungsplan.com\/userfiles\/image\/fotos\/haus3.jpg\" alt=\"\" width=\"209\" height=\"150\" \/>\u00a0<a href=\"http:\/\/www.belegungsplan.com\/?id=1\" target=\"_blank\" rel=\"noopener\"><img loading=\"lazy\" decoding=\"async\" class=\"alignnone\" src=\"https:\/\/www.belegungsplan.com\/userfiles\/image\/jahr.gif\" alt=\"\" width=\"394\" height=\"131\" \/><\/a><\/div>\n<p>&nbsp;<\/p>\n<div>\n<ul>\n<li>Du har en stuga, ett fritidshus, ett rum, en bil eller n\u00e5t annat du hyr ut per dag eller l\u00e4ngre.<\/li>\n<li>Du vill ha en grafisk bokningskalender, som du kan uppdatera enkelt och som visas p\u00e5 din egen hemsida. Du beh\u00f6ver bara s\u00e4tta l\u00e4n- ken p\u00e5 din webbsida, sen kan du uppdatera bokningskalendern n\u00e4r som helst, var som helst och hur l\u00e4tt som helst.<\/li>\n<li>Finns i olika spr\u00e5k.<\/li>\n<li><a href=\"https:\/\/belegungsplan.com\/kunden.php?cmd=new&amp;sprache=sv\">Du kan testa gratis<\/a>.<\/li>\n<\/ul>\n<div>\n<p><a href=\"http:\/\/www.belegungsplan.com\/?id=1&amp;lang=se\" target=\"_blank\" rel=\"noopener\">&gt;&gt; Exempel <strong>&#8222;\u00e5rs\u00f6versikt&#8220;<br \/>\n<\/strong><\/a><a href=\"http:\/\/www.belegungsplan.com\/?id=1&amp;lang=se\" target=\"_blank\" rel=\"noopener\">&gt;&gt;\u00a0Exempel <strong>&#8222;\u00e5rs\u00f6versikt responsive&#8220;<\/strong><\/a><a href=\"http:\/\/www.belegungsplan.com\/?id=1,4\" target=\"_blank\" rel=\"noopener\"><br \/>\n<\/a><a href=\"http:\/\/www.belegungsplan.com\/?show=m&amp;id=1&amp;lang=se\" target=\"_blank\" rel=\"noopener\">&gt;&gt;\u00a0Exempel &#8222;<b>m\u00e5nads\u00f6versikt&#8220;<\/b><br \/>\n<\/a><br \/>\n<a href=\"http:\/\/www.belegungsplan.com\/?show=l&amp;list=2,4,271&amp;lang=se\" target=\"_blank\" rel=\"noopener\">&gt;&gt; <strong>Listvisning <\/strong>f\u00f6r flera objekt samtidigt\u00a0<\/a><br \/>\n<a href=\"https:\/\/belegungsplan.com\/info_sv\">&gt;&gt; Mer information och f\u00f6rdelar f\u00f6r dig och dina g\u00e4ster.<\/a><\/p>\n<ul>\n<li>H\u00e4r kan du testa en bokningskalender utan att registrar dig som kund!<\/li>\n<\/ul>\n<\/div>\n<\/div>\n<div>\n<form action=\"https:\/\/www.belegungsplan.com\/objekte.php\" method=\"post\" name=\"test\"><input name=\"cmd\" type=\"hidden\" value=\"change\" \/><input name=\"passwort\" type=\"hidden\" value=\"test\" \/><input name=\"kunden_nummer\" type=\"hidden\" value=\"2\" \/><input name=\"objekt_nummer\" type=\"hidden\" value=\"2\" \/><input class=\"bp_button\" name=\"Abschicken\" type=\"submit\" value=\"testa bokningskalendern! \" \/><\/form>\n<h4><b>S\u00e5 ber\u00e4ttar anv\u00e4ndare<\/b><\/h4>\n<div style=\"padding-left: 30px;\"><em>&#8222;\u00c4r j\u00e4ttef\u00f6rv\u00e5nad \u00f6ver s\u00e5 mycket service f\u00f6r s\u00e5 lite pengar: j\u00e4ttebra produkt.&#8220;<\/em><\/div>\n<div style=\"padding-left: 30px;\"><\/div>\n<div style=\"padding-left: 30px;\"><em>&#8222;Ska \u00e4ven forts\u00e4ttningsvis anv\u00e4nda bokningskalendern, den \u00e4r bra, enkelt och fungerar alltid.&#8220;<\/em><\/div>\n<div style=\"padding-left: 30px;\"><\/div>\n<div style=\"padding-left: 30px;\"><em>&#8222;Det \u00e4r fantastiskt med bokningskalendern. Den klickades redan flera hundra g\u00e5nger sen jag har lagt upp den! Jag vill inte vara utan den l\u00e4ngre. V\u00e5r stuga blir bokad som f-n!<\/em>&#8222;<\/div>\n<\/div>\n","protected":false},"excerpt":{"rendered":"<p>\u00a0 &nbsp; Du har en stuga, ett fritidshus, ett rum, en bil eller n\u00e5t annat du hyr ut per dag eller l\u00e4ngre. Du vill ha en grafisk bokningskalender, som du kan uppdatera enkelt och som visas p\u00e5 din egen hemsida. Du beh\u00f6ver bara s\u00e4tta l\u00e4n- ken p\u00e5 din webbsida, sen kan du uppdatera bokningskalendern n\u00e4r &hellip; <a href=\"https:\/\/belegungsplan.com\/plus\/svensk\/\" class=\"more-link\"><span class=\"screen-reader-text\">\u201eSt\u00f6rre nytta f\u00f6r dig och dina g\u00e4ster\u201c <\/span>weiterlesen<\/a><\/p>\n","protected":false},"author":1,"featured_media":0,"parent":0,"menu_order":0,"comment_status":"closed","ping_status":"closed","template":"","meta":{"footnotes":""},"class_list":["post-257","page","type-page","status-publish","hentry"],"_links":{"self":[{"href":"https:\/\/belegungsplan.com\/plus\/wp-json\/wp\/v2\/pages\/257","targetHints":{"allow":["GET"]}}],"collection":[{"href":"https:\/\/belegungsplan.com\/plus\/wp-json\/wp\/v2\/pages"}],"about":[{"href":"https:\/\/belegungsplan.com\/plus\/wp-json\/wp\/v2\/types\/page"}],"author":[{"embeddable":true,"href":"https:\/\/belegungsplan.com\/plus\/wp-json\/wp\/v2\/users\/1"}],"replies":[{"embeddable":true,"href":"https:\/\/belegungsplan.com\/plus\/wp-json\/wp\/v2\/comments?post=257"}],"version-history":[{"count":12,"href":"https:\/\/belegungsplan.com\/plus\/wp-json\/wp\/v2\/pages\/257\/revisions"}],"predecessor-version":[{"id":318,"href":"https:\/\/belegungsplan.com\/plus\/wp-json\/wp\/v2\/pages\/257\/revisions\/318"}],"wp:attachment":[{"href":"https:\/\/belegungsplan.com\/plus\/wp-json\/wp\/v2\/media?parent=257"}],"curies":[{"name":"wp","href":"https:\/\/api.w.org\/{rel}","templated":true}]}}