{"id":175,"date":"2018-03-25T08:36:18","date_gmt":"2018-03-25T08:36:18","guid":{"rendered":"https:\/\/belegungsplan.com\/plus\/?page_id=175"},"modified":"2019-02-10T09:57:06","modified_gmt":"2019-02-10T09:57:06","slug":"175-2","status":"publish","type":"page","link":"https:\/\/belegungsplan.com\/plus\/","title":{"rendered":"Der Belegungsplan f\u00fcr Sie und Ihre G\u00e4ste"},"content":{"rendered":"<p><img loading=\"lazy\" decoding=\"async\" class=\"alignnone alignleft\" src=\"https:\/\/www.belegungsplan.com\/userfiles\/image\/fotos\/haus3.jpg\" alt=\"\" width=\"209\" height=\"150\" \/><a href=\"https:\/\/www.belegungsplan.com\/?id=1\" target=\"_blank\" rel=\"noopener\"><img loading=\"lazy\" decoding=\"async\" class=\"alignnone\" src=\"https:\/\/www.belegungsplan.com\/userfiles\/image\/jahr.gif\" alt=\"\" width=\"394\" height=\"131\" \/><\/a><\/p>\n<ul>\n<li><b>Sie <\/b>haben ein <b>Ferienhaus, Ferienwohnung, Wohnmobil <\/b>oder ein anderes Objekt, dass Sie <b>tageweise vermieten<\/b>.<\/li>\n<li><b>Sie<\/b> m\u00f6chten gerne einen <b>einfach \u00e4nderbaren, grafischen Belegungsplan<\/b> f\u00fcr Ihre Internetseite &#8211; <b>wir<\/b> bieten diesen an! Sie m\u00fcssen <b>nur einmal<\/b> den entsprechenden Link in Ihre Webseite einbauen. Anschliessend k\u00f6nnen Sie den Belegungsplan sehr einfach, jederzeit und ohne besondere Kenntnisse und von jedem Internetzugang aus \u00e4ndern.<\/li>\n<li><strong>Mehrsprachige<\/strong> Legende \/ Kalendertexte<\/li>\n<li>Sie k\u00f6nnen unseren Belegungsplan <a href=\"https:\/\/belegungsplan.com\/kunden.php?cmd=new\"><b>kostenlos und unverbindlich<\/b>\u00a0<b>testen<\/b><\/a>.<\/li>\n<\/ul>\n<p><a href=\"https:\/\/www.belegungsplan.com\/?id=2\" target=\"_blank\" rel=\"noopener\"><b>&gt;&gt; \u00a0Beispiel Jahres\u00fcbersicht<\/b><\/a><br \/>\n<a href=\"https:\/\/www.belegungsplan.com\/?show=r&amp;id=2\" target=\"_blank\" rel=\"noopener\">&gt;&gt; Beispiel \u00a0Jahres\u00fcbersicht<\/a><b> im responsive Design<\/b><a href=\"https:\/\/www.belegungsplan.com\/?show=m&amp;id=2\" target=\"_blank\" rel=\"noopener\"><br \/>\n<\/a><\/p>\n<p><a href=\"https:\/\/www.belegungsplan.com\/?show=m&amp;id=2\" target=\"_blank\" rel=\"noopener\"><b>&gt;&gt; Beispiel Monats\u00fcbersicht<\/b><\/a><br \/>\n<a href=\"https:\/\/www.belegungsplan.com\/?show=l&amp;list=2,4,271\" target=\"_blank\" rel=\"noopener\"><b>&gt;&gt; Beispiel Listendarstellung f\u00fcr mehrere Pl\u00e4ne<\/b><\/a><\/p>\n<p><a href=\"https:\/\/belegungsplan.com\/plus\/175-2\/infos-preise\/\"><strong>Mehr Infos<\/strong> und die Vorteile f\u00fcr Sie und Ihre G\u00e4ste<\/a><\/p>\n<p>Hier k\u00f6nnen Sie einen Belegungsplan<b> testen<\/b>, ohne sich vorher als Kunde zu registrieren:<\/p>\n<form action=\"https:\/\/www.belegungsplan.com\/objekte.php\" method=\"post\" name=\"test\"><input name=\"cmd\" type=\"hidden\" value=\"change\" \/><input name=\"passwort\" type=\"hidden\" value=\"test\" \/><input name=\"kunden_nummer\" type=\"hidden\" value=\"2\" \/><input name=\"sprache\" type=\"hidden\" value=\"de\" \/><input name=\"objekt_nummer\" type=\"hidden\" value=\"2\" \/><input class=\"bp_button\" name=\"Abschicken\" type=\"submit\" value=\"Test-Belegungsplan editieren\" \/><\/form>\n<p><strong>Was Nutzer sagen:\u00a0<\/strong><\/p>\n<p style=\"padding-left: 30px;\"><em>&#8222;Bin wie immer sehr erstaunt \u00fcber den guten Service f\u00fcr so wenig Geld. Prima<\/em>&lt;<br \/>\n<em>Produkt.&#8220;<\/em><\/p>\n<p style=\"padding-left: 30px;\"><em>&#8222;Ich werde den Plan weiter nutzen, da er gut, einfach und zuverl\u00e4ssig funktioniert.&#8220; <\/em><\/p>\n<p style=\"padding-left: 30px;\"><em>&#8222;Ich muss sagen, es ist super mit diesem Belegungsplan. Er wurde schon mehrere hundert mal angeklickt, seit ich ihn eingerichtet habe! Ich m\u00f6chte ihn nicht mehr missen. Unsere Ferienwohnung wird gebucht wie verr\u00fcckt!<\/em>&#8222;<\/p>\n","protected":false},"excerpt":{"rendered":"<p>Sie haben ein Ferienhaus, Ferienwohnung, Wohnmobil oder ein anderes Objekt, dass Sie tageweise vermieten. Sie m\u00f6chten gerne einen einfach \u00e4nderbaren, grafischen Belegungsplan f\u00fcr Ihre Internetseite &#8211; wir bieten diesen an! Sie m\u00fcssen nur einmal den entsprechenden Link in Ihre Webseite einbauen. Anschliessend k\u00f6nnen Sie den Belegungsplan sehr einfach, jederzeit und ohne besondere Kenntnisse und von &hellip; <a href=\"https:\/\/belegungsplan.com\/plus\/\" class=\"more-link\"><span class=\"screen-reader-text\">\u201eDer Belegungsplan f\u00fcr Sie und Ihre G\u00e4ste\u201c <\/span>weiterlesen<\/a><\/p>\n","protected":false},"author":1,"featured_media":0,"parent":0,"menu_order":0,"comment_status":"closed","ping_status":"closed","template":"","meta":{"footnotes":""},"class_list":["post-175","page","type-page","status-publish","hentry"],"_links":{"self":[{"href":"https:\/\/belegungsplan.com\/plus\/wp-json\/wp\/v2\/pages\/175","targetHints":{"allow":["GET"]}}],"collection":[{"href":"https:\/\/belegungsplan.com\/plus\/wp-json\/wp\/v2\/pages"}],"about":[{"href":"https:\/\/belegungsplan.com\/plus\/wp-json\/wp\/v2\/types\/page"}],"author":[{"embeddable":true,"href":"https:\/\/belegungsplan.com\/plus\/wp-json\/wp\/v2\/users\/1"}],"replies":[{"embeddable":true,"href":"https:\/\/belegungsplan.com\/plus\/wp-json\/wp\/v2\/comments?post=175"}],"version-history":[{"count":27,"href":"https:\/\/belegungsplan.com\/plus\/wp-json\/wp\/v2\/pages\/175\/revisions"}],"predecessor-version":[{"id":732,"href":"https:\/\/belegungsplan.com\/plus\/wp-json\/wp\/v2\/pages\/175\/revisions\/732"}],"wp:attachment":[{"href":"https:\/\/belegungsplan.com\/plus\/wp-json\/wp\/v2\/media?parent=175"}],"curies":[{"name":"wp","href":"https:\/\/api.w.org\/{rel}","templated":true}]}}